{"id":14097,"date":"2025-07-30T16:18:05","date_gmt":"2025-07-30T13:18:05","guid":{"rendered":"https:\/\/teaduspark.ee\/reaves\/"},"modified":"2025-07-30T16:26:31","modified_gmt":"2025-07-30T13:26:31","slug":"reaves","status":"publish","type":"page","link":"https:\/\/teaduspark.ee\/en\/incubation\/reaves\/","title":{"rendered":"REAVES"},"content":{"rendered":"\t\t<div data-elementor-type=\"wp-page\" data-elementor-id=\"14097\" class=\"elementor elementor-14097 elementor-14085\" data-elementor-post-type=\"page\">\n\t\t\t\t<div class=\"elementor-element elementor-element-c5e7d64 e-flex e-con-boxed e-con e-parent\" data-id=\"c5e7d64\" data-element_type=\"container\" data-e-type=\"container\">\n\t\t\t\t\t<div class=\"e-con-inner\">\n\t\t\t\t<div class=\"elementor-element elementor-element-78e186d elementor-widget elementor-widget-heading\" data-id=\"78e186d\" data-element_type=\"widget\" data-e-type=\"widget\" data-widget_type=\"heading.default\">\n\t\t\t\t<div class=\"elementor-widget-container\">\n\t\t\t\t\t<h2 class=\"elementor-heading-title elementor-size-default\"> REAVES - Resilient Ecosystems for AV&amp;M Entrepreneurial Support<\/h2>\t\t\t\t<\/div>\n\t\t\t\t<\/div>\n\t\t\t\t\t<\/div>\n\t\t\t\t<\/div>\n\t\t<div class=\"elementor-element elementor-element-4b47d98 e-flex e-con-boxed e-con e-parent\" data-id=\"4b47d98\" data-element_type=\"container\" data-e-type=\"container\">\n\t\t\t\t\t<div class=\"e-con-inner\">\n\t\t<div class=\"elementor-element elementor-element-8b61fd1 e-con-full e-flex e-con e-child\" data-id=\"8b61fd1\" data-element_type=\"container\" data-e-type=\"container\">\n\t\t\t\t<div class=\"elementor-element elementor-element-38c91a9 elementor-widget elementor-widget-text-editor\" data-id=\"38c91a9\" data-element_type=\"widget\" data-e-type=\"widget\" data-widget_type=\"text-editor.default\">\n\t\t\t\t<div class=\"elementor-widget-container\">\n\t\t\t\t\t\t\t\t\t<p data-start=\"243\" data-end=\"563\">Tartu Science Park is a partner in the international cooperation project REAVES (Resilient Ecosystems for AV&amp;M Entrepreneurial Support), which aims to strengthen the creative industry ecosystems in the Baltic Sea region, with a special focus on the audiovisual and music sectors.<\/p><p data-start=\"565\" data-end=\"884\">The REAVES platform brings together 14 partners from 11 countries, including Germany, Denmark, Finland, Sweden, Poland, Lithuania, and Estonia. Led by BGZ Berlin International Cooperation Agency GmbH, the project is funded by the Interreg Baltic Sea Region Programme 2021\u20132027, with a total budget of \u20ac1,196,860 \u2014 \u20ac957,488 of which is co-financed by the European Regional Development Fund. <\/p>\t\t\t\t\t\t\t\t<\/div>\n\t\t\t\t<\/div>\n\t\t\t\t<\/div>\n\t\t<div class=\"elementor-element elementor-element-ff969e7 e-con-full e-flex e-con e-child\" data-id=\"ff969e7\" data-element_type=\"container\" data-e-type=\"container\">\n\t\t\t\t<div class=\"elementor-element elementor-element-ebe9b1b elementor-widget elementor-widget-image\" data-id=\"ebe9b1b\" data-element_type=\"widget\" data-e-type=\"widget\" data-widget_type=\"image.default\">\n\t\t\t\t<div class=\"elementor-widget-container\">\n\t\t\t\t\t\t\t\t\t\t\t\t\t\t\t<img fetchpriority=\"high\" decoding=\"async\" width=\"800\" height=\"534\" src=\"https:\/\/teaduspark.ee\/wp-content\/uploads\/2025\/07\/Titlepic_Poster-1024x683.png\" class=\"attachment-large size-large wp-image-14088\" alt=\"REAVES eesm\u00e4rk on tugevdada L\u00e4\u00e4nemere piirkonna loomet\u00f6\u00f6stuse \u00f6kos\u00fcsteeme, eelk\u00f5ige audiovisuaalsete ja muusikat\u00f6\u00f6stuse valdkonnas.\" srcset=\"https:\/\/teaduspark.ee\/wp-content\/uploads\/2025\/07\/Titlepic_Poster-1024x683.png 1024w, https:\/\/teaduspark.ee\/wp-content\/uploads\/2025\/07\/Titlepic_Poster-300x200.png 300w, https:\/\/teaduspark.ee\/wp-content\/uploads\/2025\/07\/Titlepic_Poster-768x512.png 768w, https:\/\/teaduspark.ee\/wp-content\/uploads\/2025\/07\/Titlepic_Poster.png 1536w\" sizes=\"(max-width: 800px) 100vw, 800px\" \/>\t\t\t\t\t\t\t\t\t\t\t\t\t\t\t<\/div>\n\t\t\t\t<\/div>\n\t\t\t\t<\/div>\n\t\t\t\t\t<\/div>\n\t\t\t\t<\/div>\n\t\t<div class=\"elementor-element elementor-element-dd0b627 e-flex e-con-boxed e-con e-parent\" data-id=\"dd0b627\" data-element_type=\"container\" data-e-type=\"container\">\n\t\t\t\t\t<div class=\"e-con-inner\">\n\t\t\t\t<div class=\"elementor-element elementor-element-7b75c44 elementor-widget elementor-widget-button\" data-id=\"7b75c44\" data-element_type=\"widget\" data-e-type=\"widget\" data-widget_type=\"button.default\">\n\t\t\t\t<div class=\"elementor-widget-container\">\n\t\t\t\t\t\t\t\t\t<div class=\"elementor-button-wrapper\">\n\t\t\t\t\t<a class=\"elementor-button elementor-button-link elementor-size-sm\" href=\"https:\/\/interreg-baltic.eu\/project\/reaves\/\" target=\"_blank\" rel=\"noopener\">\n\t\t\t\t\t\t<span class=\"elementor-button-content-wrapper\">\n\t\t\t\t\t\t\t\t\t<span class=\"elementor-button-text\">Read more<\/span>\n\t\t\t\t\t<\/span>\n\t\t\t\t\t<\/a>\n\t\t\t\t<\/div>\n\t\t\t\t\t\t\t\t<\/div>\n\t\t\t\t<\/div>\n\t\t\t\t\t<\/div>\n\t\t\t\t<\/div>\n\t\t<div class=\"elementor-element elementor-element-d45b911 e-flex e-con-boxed e-con e-parent\" data-id=\"d45b911\" data-element_type=\"container\" data-e-type=\"container\">\n\t\t\t\t\t<div class=\"e-con-inner\">\n\t\t\t\t<div class=\"elementor-element elementor-element-af71493 elementor-widget elementor-widget-text-editor\" data-id=\"af71493\" data-element_type=\"widget\" data-e-type=\"widget\" data-widget_type=\"text-editor.default\">\n\t\t\t\t<div class=\"elementor-widget-container\">\n\t\t\t\t\t\t\t\t\t<p data-start=\"886\" data-end=\"1351\">Although the creative industries are often treated as a single sector, their sub-sectors vary greatly \u2014 for example, the needs of an opera house differ significantly from those of a game studio or a pop music group. These distinctions often lead to fragmentation, with parallel but uncoordinated efforts across sectors. REAVES tackles this by integrating the outcomes of 22 previous EU projects and building a joint support platform tailored to the needs of the audiovisual and music industry entrepreneurs \u2014 especially young creatives who incorporate technology in their work and business models.  <\/p><p data-start=\"1353\" data-end=\"1808\">The project aims to foster collaboration across sectors and regions, support young talent, and enhance public sector engagement in strengthening the creative economy. By aligning goals and pooling resources, the project contributes to resilient, innovation-driven ecosystems where creative businesses can grow and thrive.  <\/p><p data-start=\"1810\" data-end=\"2015\">REAVES is part of the <strong data-start=\"1824\" data-end=\"1854\">Interreg Baltic Sea Region<\/strong> Programme 2021\u20132027 under the priority &#8220;Cooperation Governance&#8221;, which aims to strengthen cross-border strategic collaboration and develop macro-regional strategies.<\/p><p data-start=\"2017\" data-end=\"2472\">Tartu Science Park contributes to the project with its long-standing experience in business development and startup support. Our goal is to foster the emergence of strong creative companies in Estonia with international potential \u2014 companies capable of developing, scaling, and exporting their ideas. Tartu offers an ideal environment for creative entrepreneurship, combining the intellectual potential of a university city, a vibrant startup community, and networks that support innovation and creativity.  <\/p><p data-start=\"2474\" data-end=\"2624\">Project duration: July 2025 \u2013 December 2027<br><br><br>Ask ChatGPT<\/p>\t\t\t\t\t\t\t\t<\/div>\n\t\t\t\t<\/div>\n\t\t\t\t\t<\/div>\n\t\t\t\t<\/div>\n\t\t<div class=\"elementor-element elementor-element-5633336 e-flex e-con-boxed e-con e-parent\" data-id=\"5633336\" data-element_type=\"container\" data-e-type=\"container\">\n\t\t\t\t\t<div class=\"e-con-inner\">\n\t\t\t\t<div class=\"elementor-element elementor-element-05c889c elementor-widget elementor-widget-image\" data-id=\"05c889c\" data-element_type=\"widget\" data-e-type=\"widget\" data-widget_type=\"image.default\">\n\t\t\t\t<div class=\"elementor-widget-container\">\n\t\t\t\t\t\t\t\t\t\t\t\t\t\t\t<img decoding=\"async\" width=\"300\" height=\"263\" src=\"https:\/\/teaduspark.ee\/wp-content\/uploads\/2025\/07\/interreg-logod-300x263.png\" class=\"attachment-medium size-medium wp-image-14090\" alt=\"\" srcset=\"https:\/\/teaduspark.ee\/wp-content\/uploads\/2025\/07\/interreg-logod-300x263.png 300w, https:\/\/teaduspark.ee\/wp-content\/uploads\/2025\/07\/interreg-logod.png 628w\" sizes=\"(max-width: 300px) 100vw, 300px\" \/>\t\t\t\t\t\t\t\t\t\t\t\t\t\t\t<\/div>\n\t\t\t\t<\/div>\n\t\t\t\t\t<\/div>\n\t\t\t\t<\/div>\n\t\t\t\t<\/div>\n\t\t","protected":false},"excerpt":{"rendered":"<p>REAVES &#8211; Resilient Ecosystems for AV&amp;M Entrepreneurial Support Tartu Science Park is a partner in the international cooperation project REAVES (Resilient Ecosystems for AV&amp;M Entrepreneurial Support), which aims to strengthen the creative industry ecosystems in the Baltic Sea region, with a special focus on the audiovisual and music sectors. The REAVES platform brings together 14 [&hellip;]<\/p>\n","protected":false},"author":6,"featured_media":14088,"parent":10454,"menu_order":0,"comment_status":"closed","ping_status":"closed","template":"","meta":{"_acf_changed":false,"footnotes":""},"ulemleht":[],"class_list":["post-14097","page","type-page","status-publish","has-post-thumbnail","hentry"],"acf":[],"_links":{"self":[{"href":"https:\/\/teaduspark.ee\/en\/wp-json\/wp\/v2\/pages\/14097","targetHints":{"allow":["GET"]}}],"collection":[{"href":"https:\/\/teaduspark.ee\/en\/wp-json\/wp\/v2\/pages"}],"about":[{"href":"https:\/\/teaduspark.ee\/en\/wp-json\/wp\/v2\/types\/page"}],"author":[{"embeddable":true,"href":"https:\/\/teaduspark.ee\/en\/wp-json\/wp\/v2\/users\/6"}],"replies":[{"embeddable":true,"href":"https:\/\/teaduspark.ee\/en\/wp-json\/wp\/v2\/comments?post=14097"}],"version-history":[{"count":1,"href":"https:\/\/teaduspark.ee\/en\/wp-json\/wp\/v2\/pages\/14097\/revisions"}],"predecessor-version":[{"id":14098,"href":"https:\/\/teaduspark.ee\/en\/wp-json\/wp\/v2\/pages\/14097\/revisions\/14098"}],"up":[{"embeddable":true,"href":"https:\/\/teaduspark.ee\/en\/wp-json\/wp\/v2\/pages\/10454"}],"wp:featuredmedia":[{"embeddable":true,"href":"https:\/\/teaduspark.ee\/en\/wp-json\/wp\/v2\/media\/14088"}],"wp:attachment":[{"href":"https:\/\/teaduspark.ee\/en\/wp-json\/wp\/v2\/media?parent=14097"}],"wp:term":[{"taxonomy":"ulemleht","embeddable":true,"href":"https:\/\/teaduspark.ee\/en\/wp-json\/wp\/v2\/ulemleht?post=14097"}],"curies":[{"name":"wp","href":"https:\/\/api.w.org\/{rel}","templated":true}]}}